{"id":82,"date":"2025-11-16T00:09:02","date_gmt":"2025-11-15T23:09:02","guid":{"rendered":"https:\/\/bohemians.store\/?post_type=product&#038;p=82"},"modified":"2025-12-05T23:32:43","modified_gmt":"2025-12-05T22:32:43","slug":"daniel-weissbach-f-l-w-11","status":"publish","type":"product","link":"https:\/\/bohemians.store\/en\/product\/daniel-weissbach-f-l-w-11\/","title":{"rendered":"Daniel Weissbach &#8211; F.L.W 11"},"content":{"rendered":"<p><strong>Daniel Weissbach<\/strong> (b. 1976 in Erding, Germany, \u2020 2020, Berlin, Germany) was an artist who charted new territory with his unparalleled experimentation, redefining the artist\u2019s relationship to public space and giving graffiti and street art new definitions. His works, which focused on time, momentum, and eternity, immortalize the ordinary and give space to the unsolicited elements that often go unnoticed in daily life. Weissbach\u2019s use of acrylic on canvas to create shiny, lacquered surfaces served as platforms for imitations of dirt, scribbles, spray paint, old stickers, chewing gum, and other elements often overlooked by society. These seemingly mundane items were elevated through his eye-catching and alluring aesthetics.<\/p>\n<p>Tiled walls of the Berlin subway became one of the central symbols in Weissbach\u2019s exploration of the relationship between being and time. These walls, which we constantly try to keep clean, represent the human impulse to erase the traces of the past from the present. However, even with shiny and pristine tiles, the joints between them remain, evading cleaning and gathering residues. For Weissbach, these traces and marks symbolize the past entering the present, making his work a meditation on memory and time. His pieces reflect how the inner story manifests on the body\u2019s surface, turning the surface of the tiles into a mirror of the soul.<\/p>\n<p>Weissbach studied at HFF, Konrad Wolf, Potsdam-Babelsberg in the Animation Department and earned his diploma in 2006. His works have been exhibited in solo and duo shows internationally, including at the Michael Horbach Foundation in Cologne (2016), K\u00fchlhaus Berlin (2022), and NRW Forum D\u00fcsseldorf (2022). He has also been part of group exhibitions at Weserburg Museum f\u00fcr moderne Kunst in Bremen (2009), and Scatola Gallery in London (2011). His works are part of public collections such as the Fondation Cartier in Paris, Mus\u00e9e d\u2019Art Moderne de Paris and the Kunstpalast in D\u00fcsseldorf.<\/p>","protected":false},"excerpt":{"rendered":"<p>2016<br \/>\nscreen printing, 250gsm velin arche paper, hand<br \/>\nsigned &#038; numbered by artist<br \/>\n50 x 64,5 cm<br \/>\nedition of 30<br \/>\nDW\/P 36<\/p>","protected":false},"featured_media":120,"template":"","meta":{"_et_pb_use_builder":"","_et_pb_old_content":"","_et_gb_content_width":""},"product_brand":[],"product_cat":[102,49],"product_tag":[],"class_list":{"0":"post-82","1":"product","2":"type-product","3":"status-publish","4":"has-post-thumbnail","6":"product_cat-all","7":"product_cat-art","8":"product_shipping_class-art","10":"first","11":"instock","12":"taxable","13":"shipping-taxable","14":"purchasable","15":"product-type-simple"},"yoast_head":"<!-- This site is optimized with the Yoast SEO plugin v27.3 - https:\/\/yoast.com\/product\/yoast-seo-wordpress\/ -->\n<title>Bohemians Daniel Weissbach Print<\/title>\n<meta name=\"robots\" content=\"index, follow, max-snippet:-1, max-image-preview:large, max-video-preview:-1\" \/>\n<link rel=\"canonical\" href=\"https:\/\/bohemians.store\/en\/product\/daniel-weissbach-f-l-w-11\/\" \/>\n<meta property=\"og:locale\" content=\"en_US\" \/>\n<meta property=\"og:type\" content=\"article\" \/>\n<meta property=\"og:title\" content=\"Bohemians Daniel Weissbach Print\" \/>\n<meta property=\"og:description\" content=\"2016 screen printing, 250gsm velin arche paper, hand signed &amp; numbered by artist 50 x 64,5 cm edition of 30 DW\/P 36\" \/>\n<meta property=\"og:url\" content=\"https:\/\/bohemians.store\/en\/product\/daniel-weissbach-f-l-w-11\/\" \/>\n<meta property=\"og:site_name\" content=\"Bohemians\" \/>\n<meta property=\"article:publisher\" content=\"https:\/\/www.facebook.com\/profile.php?id=61584541913990\" \/>\n<meta property=\"article:modified_time\" content=\"2025-12-05T22:32:43+00:00\" \/>\n<meta property=\"og:image\" content=\"https:\/\/bohemians.store\/wp-content\/uploads\/2025\/11\/ONLINE02-scaled-e1702756791658.jpg\" \/>\n\t<meta property=\"og:image:width\" content=\"2486\" \/>\n\t<meta property=\"og:image:height\" content=\"2486\" \/>\n\t<meta property=\"og:image:type\" content=\"image\/jpeg\" \/>\n<meta name=\"twitter:card\" content=\"summary_large_image\" \/>\n<meta name=\"twitter:label1\" content=\"Est. reading time\" \/>\n\t<meta name=\"twitter:data1\" content=\"2 minutes\" \/>\n<script type=\"application\/ld+json\" class=\"yoast-schema-graph\">{\"@context\":\"https:\\\/\\\/schema.org\",\"@graph\":[{\"@type\":\"WebPage\",\"@id\":\"https:\\\/\\\/bohemians.store\\\/produkt\\\/daniel-weissbach-f-l-w-11\\\/\",\"url\":\"https:\\\/\\\/bohemians.store\\\/produkt\\\/daniel-weissbach-f-l-w-11\\\/\",\"name\":\"Bohemians Daniel Weissbach Print\",\"isPartOf\":{\"@id\":\"https:\\\/\\\/bohemians.store\\\/en\\\/#website\"},\"primaryImageOfPage\":{\"@id\":\"https:\\\/\\\/bohemians.store\\\/produkt\\\/daniel-weissbach-f-l-w-11\\\/#primaryimage\"},\"image\":{\"@id\":\"https:\\\/\\\/bohemians.store\\\/produkt\\\/daniel-weissbach-f-l-w-11\\\/#primaryimage\"},\"thumbnailUrl\":\"https:\\\/\\\/bohemians.store\\\/wp-content\\\/uploads\\\/2025\\\/11\\\/ONLINE02-scaled-e1702756791658.jpg\",\"datePublished\":\"2025-11-15T23:09:02+00:00\",\"dateModified\":\"2025-12-05T22:32:43+00:00\",\"breadcrumb\":{\"@id\":\"https:\\\/\\\/bohemians.store\\\/produkt\\\/daniel-weissbach-f-l-w-11\\\/#breadcrumb\"},\"inLanguage\":\"en-US\",\"potentialAction\":[{\"@type\":\"ReadAction\",\"target\":[\"https:\\\/\\\/bohemians.store\\\/produkt\\\/daniel-weissbach-f-l-w-11\\\/\"]}]},{\"@type\":\"ImageObject\",\"inLanguage\":\"en-US\",\"@id\":\"https:\\\/\\\/bohemians.store\\\/produkt\\\/daniel-weissbach-f-l-w-11\\\/#primaryimage\",\"url\":\"https:\\\/\\\/bohemians.store\\\/wp-content\\\/uploads\\\/2025\\\/11\\\/ONLINE02-scaled-e1702756791658.jpg\",\"contentUrl\":\"https:\\\/\\\/bohemians.store\\\/wp-content\\\/uploads\\\/2025\\\/11\\\/ONLINE02-scaled-e1702756791658.jpg\",\"width\":2486,\"height\":2486},{\"@type\":\"BreadcrumbList\",\"@id\":\"https:\\\/\\\/bohemians.store\\\/produkt\\\/daniel-weissbach-f-l-w-11\\\/#breadcrumb\",\"itemListElement\":[{\"@type\":\"ListItem\",\"position\":1,\"name\":\"Start\",\"item\":\"https:\\\/\\\/bohemians.store\\\/\"},{\"@type\":\"ListItem\",\"position\":2,\"name\":\"Store\",\"item\":\"https:\\\/\\\/bohemians.store\\\/\"},{\"@type\":\"ListItem\",\"position\":3,\"name\":\"Daniel Weissbach &#8211; F.L.W 11\"}]},{\"@type\":\"WebSite\",\"@id\":\"https:\\\/\\\/bohemians.store\\\/en\\\/#website\",\"url\":\"https:\\\/\\\/bohemians.store\\\/en\\\/\",\"name\":\"Bohemians\",\"description\":\"Feat. Friends\",\"publisher\":{\"@id\":\"https:\\\/\\\/bohemians.store\\\/en\\\/#organization\"},\"potentialAction\":[{\"@type\":\"SearchAction\",\"target\":{\"@type\":\"EntryPoint\",\"urlTemplate\":\"https:\\\/\\\/bohemians.store\\\/en\\\/?s={search_term_string}\"},\"query-input\":{\"@type\":\"PropertyValueSpecification\",\"valueRequired\":true,\"valueName\":\"search_term_string\"}}],\"inLanguage\":\"en-US\"},{\"@type\":\"Organization\",\"@id\":\"https:\\\/\\\/bohemians.store\\\/en\\\/#organization\",\"name\":\"Bohemians\",\"url\":\"https:\\\/\\\/bohemians.store\\\/en\\\/\",\"logo\":{\"@type\":\"ImageObject\",\"inLanguage\":\"en-US\",\"@id\":\"https:\\\/\\\/bohemians.store\\\/en\\\/#\\\/schema\\\/logo\\\/image\\\/\",\"url\":\"https:\\\/\\\/bohemians.store\\\/wp-content\\\/uploads\\\/2025\\\/12\\\/BOHEMIANS_Logo_BlackOnWhite_512x512.png\",\"contentUrl\":\"https:\\\/\\\/bohemians.store\\\/wp-content\\\/uploads\\\/2025\\\/12\\\/BOHEMIANS_Logo_BlackOnWhite_512x512.png\",\"width\":512,\"height\":512,\"caption\":\"Bohemians\"},\"image\":{\"@id\":\"https:\\\/\\\/bohemians.store\\\/en\\\/#\\\/schema\\\/logo\\\/image\\\/\"},\"sameAs\":[\"https:\\\/\\\/www.facebook.com\\\/profile.php?id=61584541913990\",\"https:\\\/\\\/www.instagram.com\\\/bohemians.ff\\\/\"]}]}<\/script>\n<!-- \/ Yoast SEO plugin. -->","yoast_head_json":{"title":"Bohemians Daniel Weissbach Print","robots":{"index":"index","follow":"follow","max-snippet":"max-snippet:-1","max-image-preview":"max-image-preview:large","max-video-preview":"max-video-preview:-1"},"canonical":"https:\/\/bohemians.store\/en\/product\/daniel-weissbach-f-l-w-11\/","og_locale":"en_US","og_type":"article","og_title":"Bohemians Daniel Weissbach Print","og_description":"2016 screen printing, 250gsm velin arche paper, hand signed & numbered by artist 50 x 64,5 cm edition of 30 DW\/P 36","og_url":"https:\/\/bohemians.store\/en\/product\/daniel-weissbach-f-l-w-11\/","og_site_name":"Bohemians","article_publisher":"https:\/\/www.facebook.com\/profile.php?id=61584541913990","article_modified_time":"2025-12-05T22:32:43+00:00","og_image":[{"width":2486,"height":2486,"url":"https:\/\/bohemians.store\/wp-content\/uploads\/2025\/11\/ONLINE02-scaled-e1702756791658.jpg","type":"image\/jpeg"}],"twitter_card":"summary_large_image","twitter_misc":{"Est. reading time":"2 minutes"},"schema":{"@context":"https:\/\/schema.org","@graph":[{"@type":"WebPage","@id":"https:\/\/bohemians.store\/produkt\/daniel-weissbach-f-l-w-11\/","url":"https:\/\/bohemians.store\/produkt\/daniel-weissbach-f-l-w-11\/","name":"Bohemians Daniel Weissbach Print","isPartOf":{"@id":"https:\/\/bohemians.store\/en\/#website"},"primaryImageOfPage":{"@id":"https:\/\/bohemians.store\/produkt\/daniel-weissbach-f-l-w-11\/#primaryimage"},"image":{"@id":"https:\/\/bohemians.store\/produkt\/daniel-weissbach-f-l-w-11\/#primaryimage"},"thumbnailUrl":"https:\/\/bohemians.store\/wp-content\/uploads\/2025\/11\/ONLINE02-scaled-e1702756791658.jpg","datePublished":"2025-11-15T23:09:02+00:00","dateModified":"2025-12-05T22:32:43+00:00","breadcrumb":{"@id":"https:\/\/bohemians.store\/produkt\/daniel-weissbach-f-l-w-11\/#breadcrumb"},"inLanguage":"en-US","potentialAction":[{"@type":"ReadAction","target":["https:\/\/bohemians.store\/produkt\/daniel-weissbach-f-l-w-11\/"]}]},{"@type":"ImageObject","inLanguage":"en-US","@id":"https:\/\/bohemians.store\/produkt\/daniel-weissbach-f-l-w-11\/#primaryimage","url":"https:\/\/bohemians.store\/wp-content\/uploads\/2025\/11\/ONLINE02-scaled-e1702756791658.jpg","contentUrl":"https:\/\/bohemians.store\/wp-content\/uploads\/2025\/11\/ONLINE02-scaled-e1702756791658.jpg","width":2486,"height":2486},{"@type":"BreadcrumbList","@id":"https:\/\/bohemians.store\/produkt\/daniel-weissbach-f-l-w-11\/#breadcrumb","itemListElement":[{"@type":"ListItem","position":1,"name":"Start","item":"https:\/\/bohemians.store\/"},{"@type":"ListItem","position":2,"name":"Store","item":"https:\/\/bohemians.store\/"},{"@type":"ListItem","position":3,"name":"Daniel Weissbach &#8211; F.L.W 11"}]},{"@type":"WebSite","@id":"https:\/\/bohemians.store\/en\/#website","url":"https:\/\/bohemians.store\/en\/","name":"Bohemians","description":"Feat. Friends","publisher":{"@id":"https:\/\/bohemians.store\/en\/#organization"},"potentialAction":[{"@type":"SearchAction","target":{"@type":"EntryPoint","urlTemplate":"https:\/\/bohemians.store\/en\/?s={search_term_string}"},"query-input":{"@type":"PropertyValueSpecification","valueRequired":true,"valueName":"search_term_string"}}],"inLanguage":"en-US"},{"@type":"Organization","@id":"https:\/\/bohemians.store\/en\/#organization","name":"Bohemians","url":"https:\/\/bohemians.store\/en\/","logo":{"@type":"ImageObject","inLanguage":"en-US","@id":"https:\/\/bohemians.store\/en\/#\/schema\/logo\/image\/","url":"https:\/\/bohemians.store\/wp-content\/uploads\/2025\/12\/BOHEMIANS_Logo_BlackOnWhite_512x512.png","contentUrl":"https:\/\/bohemians.store\/wp-content\/uploads\/2025\/12\/BOHEMIANS_Logo_BlackOnWhite_512x512.png","width":512,"height":512,"caption":"Bohemians"},"image":{"@id":"https:\/\/bohemians.store\/en\/#\/schema\/logo\/image\/"},"sameAs":["https:\/\/www.facebook.com\/profile.php?id=61584541913990","https:\/\/www.instagram.com\/bohemians.ff\/"]}]}},"_links":{"self":[{"href":"https:\/\/bohemians.store\/en\/wp-json\/wp\/v2\/product\/82","targetHints":{"allow":["GET"]}}],"collection":[{"href":"https:\/\/bohemians.store\/en\/wp-json\/wp\/v2\/product"}],"about":[{"href":"https:\/\/bohemians.store\/en\/wp-json\/wp\/v2\/types\/product"}],"wp:featuredmedia":[{"embeddable":true,"href":"https:\/\/bohemians.store\/en\/wp-json\/wp\/v2\/media\/120"}],"wp:attachment":[{"href":"https:\/\/bohemians.store\/en\/wp-json\/wp\/v2\/media?parent=82"}],"wp:term":[{"taxonomy":"product_brand","embeddable":true,"href":"https:\/\/bohemians.store\/en\/wp-json\/wp\/v2\/product_brand?post=82"},{"taxonomy":"product_cat","embeddable":true,"href":"https:\/\/bohemians.store\/en\/wp-json\/wp\/v2\/product_cat?post=82"},{"taxonomy":"product_tag","embeddable":true,"href":"https:\/\/bohemians.store\/en\/wp-json\/wp\/v2\/product_tag?post=82"}],"curies":[{"name":"wp","href":"https:\/\/api.w.org\/{rel}","templated":true}]}}