{"id":544,"date":"2025-11-22T13:24:31","date_gmt":"2025-11-22T12:24:31","guid":{"rendered":"https:\/\/bohemians.store\/?post_type=product&#038;p=544"},"modified":"2026-03-30T11:14:28","modified_gmt":"2026-03-30T09:14:28","slug":"feat-stefan-strumbel-longsleeve","status":"publish","type":"product","link":"https:\/\/bohemians.store\/en\/product\/feat-stefan-strumbel-longsleeve\/","title":{"rendered":"FEAT. STEFAN STRUMBEL Longsleeve"},"content":{"rendered":"<p>Stefan Strumbel (b. 1979, Offenburg, DE) initiates a change in social values: traditional ideals, clich\u00e9d notions of home, and the reality of the individual are dissolved and transformed into an aesthetic that becomes an allegory of social status symbols. He exposes the mechanism of a society that in its desire for status and the pursuit of consumerism surrenders to the constant attraction of the media. With his transformed objects, Strumbel successfully creates an illusionary world, which reflects societies real maladies.<\/p>\n<p>Aluminium objects and bronze sculptures mark a new direction in the creative process by Stefan Strumbel, developping his leitmotif towards a more universal language. By incorporating bronze and aluminium in his practice, he reduces the range of colors to monochrome compositions, that receive their colors from patinating the surfaces. The objects resemble packaged canvases and sculptures. The bubble wrap and tape cast in aluminium and bronze deny access to the expected content: In reference to Marcel Duchamp\u2018s concept of the Readymade, Strumbel turns simple packaging into a fetish object. As an objet trouv\u00e9 from a gallery or museum\u2019s day-to-day routine, these works can also be considered a critical reflection on today\u2018s art market.<\/p>\n<p>Stefan Strumbel is a self-taught artist living and working in Offenburg. His works have been exhibited in numerous institutions, including Kunstverein Hamburg (2012), St\u00e4dtische Galerie Offenburg (2015), Kunstverein G\u00f6ppingen (2015), Circle Culture Gallery in Berlin (2014, 2010), NRW-Forum D\u00fcsseldorf (2022), and the Rehmann Museum in Laufenburg (2024). He has received grants from the Kunststiftung Hohenkarpfen and the Montana Stipendium (both 2007). In addition to his exhibition practice, Strumbel has realized public art projects such as permanent sculptures for the Staatsbrauerei Rothaus and Sparkasse Offenburg (2016\u20132017), and stage design for the Opera Stuttgart (2014).<\/p>","protected":false},"excerpt":{"rendered":"<p>A uniform by the co-conspirators for the co-conspirators.<br \/>\nThe Long Sleeve Shirt series continues &#8211; Featuring Friends.<br \/>\nEdition of 68, certificated.<br \/>\nShirts run slightly larger than standard sizes for a relaxed, comfortable fit.<\/p>\n<p>100% Organic Cotton GOTS certified &#8211; 240.0 GSM<\/p>","protected":false},"featured_media":915,"template":"","meta":{"_et_pb_use_builder":"off","_et_pb_old_content":"","_et_gb_content_width":""},"product_brand":[],"product_cat":[102,51,52,15],"product_tag":[],"class_list":{"0":"post-544","1":"product","2":"type-product","3":"status-publish","4":"has-post-thumbnail","6":"product_cat-all","7":"product_cat-apparel","8":"product_cat-longsleeves","9":"product_cat-unkategorisiert","11":"first","12":"instock","13":"taxable","14":"shipping-taxable","15":"purchasable","16":"product-type-variable"},"yoast_head":"<!-- This site is optimized with the Yoast SEO plugin v27.3 - https:\/\/yoast.com\/product\/yoast-seo-wordpress\/ -->\n<title>FEAT. STEFAN STRUMBEL Longsleeve - Bohemians<\/title>\n<meta name=\"robots\" content=\"index, follow, max-snippet:-1, max-image-preview:large, max-video-preview:-1\" \/>\n<link rel=\"canonical\" href=\"https:\/\/bohemians.store\/en\/product\/feat-stefan-strumbel-longsleeve\/\" \/>\n<meta property=\"og:locale\" content=\"en_US\" \/>\n<meta property=\"og:type\" content=\"article\" \/>\n<meta property=\"og:title\" content=\"FEAT. STEFAN STRUMBEL Longsleeve - Bohemians\" \/>\n<meta property=\"og:description\" content=\"A uniform by the co-conspirators for the co-conspirators. The Long Sleeve Shirt series continues - Featuring Friends. Edition of 68, certificated. Shirts run slightly larger than standard sizes for a relaxed, comfortable fit. 100% Organic Cotton GOTS certified - 240.0 GSM\" \/>\n<meta property=\"og:url\" content=\"https:\/\/bohemians.store\/en\/product\/feat-stefan-strumbel-longsleeve\/\" \/>\n<meta property=\"og:site_name\" content=\"Bohemians\" \/>\n<meta property=\"article:publisher\" content=\"https:\/\/www.facebook.com\/profile.php?id=61584541913990\" \/>\n<meta property=\"article:modified_time\" content=\"2026-03-30T09:14:28+00:00\" \/>\n<meta property=\"og:image\" content=\"https:\/\/bohemians.store\/wp-content\/uploads\/2025\/11\/Longsleeve_white_feat_Stefan_Strumbel-120.jpg\" \/>\n\t<meta property=\"og:image:width\" content=\"2880\" \/>\n\t<meta property=\"og:image:height\" content=\"2880\" \/>\n\t<meta property=\"og:image:type\" content=\"image\/jpeg\" \/>\n<meta name=\"twitter:card\" content=\"summary_large_image\" \/>\n<meta name=\"twitter:label1\" content=\"Est. reading time\" \/>\n\t<meta name=\"twitter:data1\" content=\"1 minute\" \/>\n<script type=\"application\/ld+json\" class=\"yoast-schema-graph\">{\"@context\":\"https:\\\/\\\/schema.org\",\"@graph\":[{\"@type\":\"WebPage\",\"@id\":\"https:\\\/\\\/bohemians.store\\\/produkt\\\/feat-stefan-strumbel-longsleeve\\\/\",\"url\":\"https:\\\/\\\/bohemians.store\\\/produkt\\\/feat-stefan-strumbel-longsleeve\\\/\",\"name\":\"FEAT. STEFAN STRUMBEL Longsleeve - Bohemians\",\"isPartOf\":{\"@id\":\"https:\\\/\\\/bohemians.store\\\/en\\\/#website\"},\"primaryImageOfPage\":{\"@id\":\"https:\\\/\\\/bohemians.store\\\/produkt\\\/feat-stefan-strumbel-longsleeve\\\/#primaryimage\"},\"image\":{\"@id\":\"https:\\\/\\\/bohemians.store\\\/produkt\\\/feat-stefan-strumbel-longsleeve\\\/#primaryimage\"},\"thumbnailUrl\":\"https:\\\/\\\/bohemians.store\\\/wp-content\\\/uploads\\\/2025\\\/11\\\/Longsleeve_white_feat_Stefan_Strumbel-120.jpg\",\"datePublished\":\"2025-11-22T12:24:31+00:00\",\"dateModified\":\"2026-03-30T09:14:28+00:00\",\"breadcrumb\":{\"@id\":\"https:\\\/\\\/bohemians.store\\\/produkt\\\/feat-stefan-strumbel-longsleeve\\\/#breadcrumb\"},\"inLanguage\":\"en-US\",\"potentialAction\":[{\"@type\":\"ReadAction\",\"target\":[\"https:\\\/\\\/bohemians.store\\\/produkt\\\/feat-stefan-strumbel-longsleeve\\\/\"]}]},{\"@type\":\"ImageObject\",\"inLanguage\":\"en-US\",\"@id\":\"https:\\\/\\\/bohemians.store\\\/produkt\\\/feat-stefan-strumbel-longsleeve\\\/#primaryimage\",\"url\":\"https:\\\/\\\/bohemians.store\\\/wp-content\\\/uploads\\\/2025\\\/11\\\/Longsleeve_white_feat_Stefan_Strumbel-120.jpg\",\"contentUrl\":\"https:\\\/\\\/bohemians.store\\\/wp-content\\\/uploads\\\/2025\\\/11\\\/Longsleeve_white_feat_Stefan_Strumbel-120.jpg\",\"width\":2880,\"height\":2880},{\"@type\":\"BreadcrumbList\",\"@id\":\"https:\\\/\\\/bohemians.store\\\/produkt\\\/feat-stefan-strumbel-longsleeve\\\/#breadcrumb\",\"itemListElement\":[{\"@type\":\"ListItem\",\"position\":1,\"name\":\"Start\",\"item\":\"https:\\\/\\\/bohemians.store\\\/\"},{\"@type\":\"ListItem\",\"position\":2,\"name\":\"Store\",\"item\":\"https:\\\/\\\/bohemians.store\\\/\"},{\"@type\":\"ListItem\",\"position\":3,\"name\":\"FEAT. STEFAN STRUMBEL Longsleeve\"}]},{\"@type\":\"WebSite\",\"@id\":\"https:\\\/\\\/bohemians.store\\\/en\\\/#website\",\"url\":\"https:\\\/\\\/bohemians.store\\\/en\\\/\",\"name\":\"Bohemians\",\"description\":\"Feat. Friends\",\"publisher\":{\"@id\":\"https:\\\/\\\/bohemians.store\\\/en\\\/#organization\"},\"potentialAction\":[{\"@type\":\"SearchAction\",\"target\":{\"@type\":\"EntryPoint\",\"urlTemplate\":\"https:\\\/\\\/bohemians.store\\\/en\\\/?s={search_term_string}\"},\"query-input\":{\"@type\":\"PropertyValueSpecification\",\"valueRequired\":true,\"valueName\":\"search_term_string\"}}],\"inLanguage\":\"en-US\"},{\"@type\":\"Organization\",\"@id\":\"https:\\\/\\\/bohemians.store\\\/en\\\/#organization\",\"name\":\"Bohemians\",\"url\":\"https:\\\/\\\/bohemians.store\\\/en\\\/\",\"logo\":{\"@type\":\"ImageObject\",\"inLanguage\":\"en-US\",\"@id\":\"https:\\\/\\\/bohemians.store\\\/en\\\/#\\\/schema\\\/logo\\\/image\\\/\",\"url\":\"https:\\\/\\\/bohemians.store\\\/wp-content\\\/uploads\\\/2025\\\/12\\\/BOHEMIANS_Logo_BlackOnWhite_512x512.png\",\"contentUrl\":\"https:\\\/\\\/bohemians.store\\\/wp-content\\\/uploads\\\/2025\\\/12\\\/BOHEMIANS_Logo_BlackOnWhite_512x512.png\",\"width\":512,\"height\":512,\"caption\":\"Bohemians\"},\"image\":{\"@id\":\"https:\\\/\\\/bohemians.store\\\/en\\\/#\\\/schema\\\/logo\\\/image\\\/\"},\"sameAs\":[\"https:\\\/\\\/www.facebook.com\\\/profile.php?id=61584541913990\",\"https:\\\/\\\/www.instagram.com\\\/bohemians.ff\\\/\"]}]}<\/script>\n<!-- \/ Yoast SEO plugin. -->","yoast_head_json":{"title":"FEAT. STEFAN STRUMBEL Longsleeve - Bohemians","robots":{"index":"index","follow":"follow","max-snippet":"max-snippet:-1","max-image-preview":"max-image-preview:large","max-video-preview":"max-video-preview:-1"},"canonical":"https:\/\/bohemians.store\/en\/product\/feat-stefan-strumbel-longsleeve\/","og_locale":"en_US","og_type":"article","og_title":"FEAT. STEFAN STRUMBEL Longsleeve - Bohemians","og_description":"A uniform by the co-conspirators for the co-conspirators. The Long Sleeve Shirt series continues - Featuring Friends. Edition of 68, certificated. Shirts run slightly larger than standard sizes for a relaxed, comfortable fit. 100% Organic Cotton GOTS certified - 240.0 GSM","og_url":"https:\/\/bohemians.store\/en\/product\/feat-stefan-strumbel-longsleeve\/","og_site_name":"Bohemians","article_publisher":"https:\/\/www.facebook.com\/profile.php?id=61584541913990","article_modified_time":"2026-03-30T09:14:28+00:00","og_image":[{"width":2880,"height":2880,"url":"https:\/\/bohemians.store\/wp-content\/uploads\/2025\/11\/Longsleeve_white_feat_Stefan_Strumbel-120.jpg","type":"image\/jpeg"}],"twitter_card":"summary_large_image","twitter_misc":{"Est. reading time":"1 minute"},"schema":{"@context":"https:\/\/schema.org","@graph":[{"@type":"WebPage","@id":"https:\/\/bohemians.store\/produkt\/feat-stefan-strumbel-longsleeve\/","url":"https:\/\/bohemians.store\/produkt\/feat-stefan-strumbel-longsleeve\/","name":"FEAT. STEFAN STRUMBEL Longsleeve - Bohemians","isPartOf":{"@id":"https:\/\/bohemians.store\/en\/#website"},"primaryImageOfPage":{"@id":"https:\/\/bohemians.store\/produkt\/feat-stefan-strumbel-longsleeve\/#primaryimage"},"image":{"@id":"https:\/\/bohemians.store\/produkt\/feat-stefan-strumbel-longsleeve\/#primaryimage"},"thumbnailUrl":"https:\/\/bohemians.store\/wp-content\/uploads\/2025\/11\/Longsleeve_white_feat_Stefan_Strumbel-120.jpg","datePublished":"2025-11-22T12:24:31+00:00","dateModified":"2026-03-30T09:14:28+00:00","breadcrumb":{"@id":"https:\/\/bohemians.store\/produkt\/feat-stefan-strumbel-longsleeve\/#breadcrumb"},"inLanguage":"en-US","potentialAction":[{"@type":"ReadAction","target":["https:\/\/bohemians.store\/produkt\/feat-stefan-strumbel-longsleeve\/"]}]},{"@type":"ImageObject","inLanguage":"en-US","@id":"https:\/\/bohemians.store\/produkt\/feat-stefan-strumbel-longsleeve\/#primaryimage","url":"https:\/\/bohemians.store\/wp-content\/uploads\/2025\/11\/Longsleeve_white_feat_Stefan_Strumbel-120.jpg","contentUrl":"https:\/\/bohemians.store\/wp-content\/uploads\/2025\/11\/Longsleeve_white_feat_Stefan_Strumbel-120.jpg","width":2880,"height":2880},{"@type":"BreadcrumbList","@id":"https:\/\/bohemians.store\/produkt\/feat-stefan-strumbel-longsleeve\/#breadcrumb","itemListElement":[{"@type":"ListItem","position":1,"name":"Start","item":"https:\/\/bohemians.store\/"},{"@type":"ListItem","position":2,"name":"Store","item":"https:\/\/bohemians.store\/"},{"@type":"ListItem","position":3,"name":"FEAT. STEFAN STRUMBEL Longsleeve"}]},{"@type":"WebSite","@id":"https:\/\/bohemians.store\/en\/#website","url":"https:\/\/bohemians.store\/en\/","name":"Bohemians","description":"Feat. Friends","publisher":{"@id":"https:\/\/bohemians.store\/en\/#organization"},"potentialAction":[{"@type":"SearchAction","target":{"@type":"EntryPoint","urlTemplate":"https:\/\/bohemians.store\/en\/?s={search_term_string}"},"query-input":{"@type":"PropertyValueSpecification","valueRequired":true,"valueName":"search_term_string"}}],"inLanguage":"en-US"},{"@type":"Organization","@id":"https:\/\/bohemians.store\/en\/#organization","name":"Bohemians","url":"https:\/\/bohemians.store\/en\/","logo":{"@type":"ImageObject","inLanguage":"en-US","@id":"https:\/\/bohemians.store\/en\/#\/schema\/logo\/image\/","url":"https:\/\/bohemians.store\/wp-content\/uploads\/2025\/12\/BOHEMIANS_Logo_BlackOnWhite_512x512.png","contentUrl":"https:\/\/bohemians.store\/wp-content\/uploads\/2025\/12\/BOHEMIANS_Logo_BlackOnWhite_512x512.png","width":512,"height":512,"caption":"Bohemians"},"image":{"@id":"https:\/\/bohemians.store\/en\/#\/schema\/logo\/image\/"},"sameAs":["https:\/\/www.facebook.com\/profile.php?id=61584541913990","https:\/\/www.instagram.com\/bohemians.ff\/"]}]}},"_links":{"self":[{"href":"https:\/\/bohemians.store\/en\/wp-json\/wp\/v2\/product\/544","targetHints":{"allow":["GET"]}}],"collection":[{"href":"https:\/\/bohemians.store\/en\/wp-json\/wp\/v2\/product"}],"about":[{"href":"https:\/\/bohemians.store\/en\/wp-json\/wp\/v2\/types\/product"}],"wp:featuredmedia":[{"embeddable":true,"href":"https:\/\/bohemians.store\/en\/wp-json\/wp\/v2\/media\/915"}],"wp:attachment":[{"href":"https:\/\/bohemians.store\/en\/wp-json\/wp\/v2\/media?parent=544"}],"wp:term":[{"taxonomy":"product_brand","embeddable":true,"href":"https:\/\/bohemians.store\/en\/wp-json\/wp\/v2\/product_brand?post=544"},{"taxonomy":"product_cat","embeddable":true,"href":"https:\/\/bohemians.store\/en\/wp-json\/wp\/v2\/product_cat?post=544"},{"taxonomy":"product_tag","embeddable":true,"href":"https:\/\/bohemians.store\/en\/wp-json\/wp\/v2\/product_tag?post=544"}],"curies":[{"name":"wp","href":"https:\/\/api.w.org\/{rel}","templated":true}]}}