{"id":424,"date":"2025-11-22T13:23:34","date_gmt":"2025-11-22T12:23:34","guid":{"rendered":"https:\/\/bohemians.store\/?post_type=product&#038;p=424"},"modified":"2026-02-26T10:11:52","modified_gmt":"2026-02-26T09:11:52","slug":"feat-luciano-calderon-longsleeve","status":"publish","type":"product","link":"https:\/\/bohemians.store\/en\/product\/feat-luciano-calderon-longsleeve\/","title":{"rendered":"FEAT. LUCIANO CALDERON Longsleeve"},"content":{"rendered":"<p>Luciano Calderon (b. 1986, BOL\/CH) spans an autobiographical narrative of personal imprints through his body of work. Between influences from music, folk art, bootleg culture, and both cultural and personal histories, the artist develops his own visual language. With intense colors and intricate compositions, Calderon effortlessly channels the vibrant aesthetic of everyday urban life in Latin America. His works pay tribute to a milieu that resists socioeconomic domination through creativity and self-expression. By appropriating and altering language, symbols, and social codes, he charges them with layered meanings, forming a bridge between academic conceptions of art and raw, spontaneous, unfiltered creativity.<\/p>\n<p>Calderon lives and works in Barcelona. He has had numerous significant solo exhibitions, including at the Museo Nacional de Arte in La Paz (2016), Centro Cultural Sim\u00f3n I. Pati\u00f1o in Santa Cruz (2015), and IMA in La Paz (2014). His work was featured in the group exhibition City Prince\/sses, curated by Hugo Vitrani at the Palais de Tokyo in Paris (2019). Calderon has participated in international group shows and fairs, including Art Brussels (2022), Ver\u00e3o Arte Contempor\u00e2nea in Brazil (2013), and PARTE Art Fair in S\u00e3o Paulo (2013). Early exhibitions at Hollywood in Cambodia (2011) and Atipa\u00f1a, La Paz (2010), reflect his long-standing engagement with grassroots visual culture. His works are held in private and public collections across Europe and Latin America.<\/p>","protected":false},"excerpt":{"rendered":"<p>A uniform by the co-conspirators for the co-conspirators.<br \/>\nThe Long Sleeve Shirt series continues &#8211; Featuring Friends.<br \/>\nEdition of 68, certificated.<br \/>\nShirts run slightly larger than standard sizes for a relaxed, comfortable fit.<\/p>\n<p>100% Organic Cotton GOTS certified &#8211; 240.0 GSM<\/p>","protected":false},"featured_media":935,"template":"","meta":{"_et_pb_use_builder":"","_et_pb_old_content":"","_et_gb_content_width":""},"product_brand":[],"product_cat":[102,51,52,15],"product_tag":[],"class_list":{"0":"post-424","1":"product","2":"type-product","3":"status-publish","4":"has-post-thumbnail","6":"product_cat-all","7":"product_cat-apparel","8":"product_cat-longsleeves","9":"product_cat-unkategorisiert","11":"first","12":"instock","13":"taxable","14":"shipping-taxable","15":"purchasable","16":"product-type-variable"},"yoast_head":"<!-- This site is optimized with the Yoast SEO plugin v27.3 - https:\/\/yoast.com\/product\/yoast-seo-wordpress\/ -->\n<title>FEAT. LUCIANO CALDERON Longsleeve - Bohemians<\/title>\n<meta name=\"robots\" content=\"index, follow, max-snippet:-1, max-image-preview:large, max-video-preview:-1\" \/>\n<link rel=\"canonical\" href=\"https:\/\/bohemians.store\/en\/product\/feat-luciano-calderon-longsleeve\/\" \/>\n<meta property=\"og:locale\" content=\"en_US\" \/>\n<meta property=\"og:type\" content=\"article\" \/>\n<meta property=\"og:title\" content=\"FEAT. LUCIANO CALDERON Longsleeve - Bohemians\" \/>\n<meta property=\"og:description\" content=\"A uniform by the co-conspirators for the co-conspirators. The Long Sleeve Shirt series continues - Featuring Friends. Edition of 68, certificated. Shirts run slightly larger than standard sizes for a relaxed, comfortable fit. 100% Organic Cotton GOTS certified - 240.0 GSM\" \/>\n<meta property=\"og:url\" content=\"https:\/\/bohemians.store\/en\/product\/feat-luciano-calderon-longsleeve\/\" \/>\n<meta property=\"og:site_name\" content=\"Bohemians\" \/>\n<meta property=\"article:publisher\" content=\"https:\/\/www.facebook.com\/profile.php?id=61584541913990\" \/>\n<meta property=\"article:modified_time\" content=\"2026-02-26T09:11:52+00:00\" \/>\n<meta property=\"og:image\" content=\"https:\/\/bohemians.store\/wp-content\/uploads\/2025\/11\/Longsleeve_white_feat_Luciano_Calderon-60.jpg\" \/>\n\t<meta property=\"og:image:width\" content=\"2880\" \/>\n\t<meta property=\"og:image:height\" content=\"2880\" \/>\n\t<meta property=\"og:image:type\" content=\"image\/jpeg\" \/>\n<meta name=\"twitter:card\" content=\"summary_large_image\" \/>\n<meta name=\"twitter:label1\" content=\"Est. reading time\" \/>\n\t<meta name=\"twitter:data1\" content=\"1 minute\" \/>\n<script type=\"application\/ld+json\" class=\"yoast-schema-graph\">{\"@context\":\"https:\\\/\\\/schema.org\",\"@graph\":[{\"@type\":\"WebPage\",\"@id\":\"https:\\\/\\\/bohemians.store\\\/produkt\\\/feat-luciano-calderon-longsleeve\\\/\",\"url\":\"https:\\\/\\\/bohemians.store\\\/produkt\\\/feat-luciano-calderon-longsleeve\\\/\",\"name\":\"FEAT. LUCIANO CALDERON Longsleeve - Bohemians\",\"isPartOf\":{\"@id\":\"https:\\\/\\\/bohemians.store\\\/en\\\/#website\"},\"primaryImageOfPage\":{\"@id\":\"https:\\\/\\\/bohemians.store\\\/produkt\\\/feat-luciano-calderon-longsleeve\\\/#primaryimage\"},\"image\":{\"@id\":\"https:\\\/\\\/bohemians.store\\\/produkt\\\/feat-luciano-calderon-longsleeve\\\/#primaryimage\"},\"thumbnailUrl\":\"https:\\\/\\\/bohemians.store\\\/wp-content\\\/uploads\\\/2025\\\/11\\\/Longsleeve_white_feat_Luciano_Calderon-60.jpg\",\"datePublished\":\"2025-11-22T12:23:34+00:00\",\"dateModified\":\"2026-02-26T09:11:52+00:00\",\"breadcrumb\":{\"@id\":\"https:\\\/\\\/bohemians.store\\\/produkt\\\/feat-luciano-calderon-longsleeve\\\/#breadcrumb\"},\"inLanguage\":\"en-US\",\"potentialAction\":[{\"@type\":\"ReadAction\",\"target\":[\"https:\\\/\\\/bohemians.store\\\/produkt\\\/feat-luciano-calderon-longsleeve\\\/\"]}]},{\"@type\":\"ImageObject\",\"inLanguage\":\"en-US\",\"@id\":\"https:\\\/\\\/bohemians.store\\\/produkt\\\/feat-luciano-calderon-longsleeve\\\/#primaryimage\",\"url\":\"https:\\\/\\\/bohemians.store\\\/wp-content\\\/uploads\\\/2025\\\/11\\\/Longsleeve_white_feat_Luciano_Calderon-60.jpg\",\"contentUrl\":\"https:\\\/\\\/bohemians.store\\\/wp-content\\\/uploads\\\/2025\\\/11\\\/Longsleeve_white_feat_Luciano_Calderon-60.jpg\",\"width\":2880,\"height\":2880},{\"@type\":\"BreadcrumbList\",\"@id\":\"https:\\\/\\\/bohemians.store\\\/produkt\\\/feat-luciano-calderon-longsleeve\\\/#breadcrumb\",\"itemListElement\":[{\"@type\":\"ListItem\",\"position\":1,\"name\":\"Start\",\"item\":\"https:\\\/\\\/bohemians.store\\\/\"},{\"@type\":\"ListItem\",\"position\":2,\"name\":\"Store\",\"item\":\"https:\\\/\\\/bohemians.store\\\/\"},{\"@type\":\"ListItem\",\"position\":3,\"name\":\"FEAT. LUCIANO CALDERON Longsleeve\"}]},{\"@type\":\"WebSite\",\"@id\":\"https:\\\/\\\/bohemians.store\\\/en\\\/#website\",\"url\":\"https:\\\/\\\/bohemians.store\\\/en\\\/\",\"name\":\"Bohemians\",\"description\":\"Feat. Friends\",\"publisher\":{\"@id\":\"https:\\\/\\\/bohemians.store\\\/en\\\/#organization\"},\"potentialAction\":[{\"@type\":\"SearchAction\",\"target\":{\"@type\":\"EntryPoint\",\"urlTemplate\":\"https:\\\/\\\/bohemians.store\\\/en\\\/?s={search_term_string}\"},\"query-input\":{\"@type\":\"PropertyValueSpecification\",\"valueRequired\":true,\"valueName\":\"search_term_string\"}}],\"inLanguage\":\"en-US\"},{\"@type\":\"Organization\",\"@id\":\"https:\\\/\\\/bohemians.store\\\/en\\\/#organization\",\"name\":\"Bohemians\",\"url\":\"https:\\\/\\\/bohemians.store\\\/en\\\/\",\"logo\":{\"@type\":\"ImageObject\",\"inLanguage\":\"en-US\",\"@id\":\"https:\\\/\\\/bohemians.store\\\/en\\\/#\\\/schema\\\/logo\\\/image\\\/\",\"url\":\"https:\\\/\\\/bohemians.store\\\/wp-content\\\/uploads\\\/2025\\\/12\\\/BOHEMIANS_Logo_BlackOnWhite_512x512.png\",\"contentUrl\":\"https:\\\/\\\/bohemians.store\\\/wp-content\\\/uploads\\\/2025\\\/12\\\/BOHEMIANS_Logo_BlackOnWhite_512x512.png\",\"width\":512,\"height\":512,\"caption\":\"Bohemians\"},\"image\":{\"@id\":\"https:\\\/\\\/bohemians.store\\\/en\\\/#\\\/schema\\\/logo\\\/image\\\/\"},\"sameAs\":[\"https:\\\/\\\/www.facebook.com\\\/profile.php?id=61584541913990\",\"https:\\\/\\\/www.instagram.com\\\/bohemians.ff\\\/\"]}]}<\/script>\n<!-- \/ Yoast SEO plugin. -->","yoast_head_json":{"title":"FEAT. LUCIANO CALDERON Longsleeve - Bohemians","robots":{"index":"index","follow":"follow","max-snippet":"max-snippet:-1","max-image-preview":"max-image-preview:large","max-video-preview":"max-video-preview:-1"},"canonical":"https:\/\/bohemians.store\/en\/product\/feat-luciano-calderon-longsleeve\/","og_locale":"en_US","og_type":"article","og_title":"FEAT. LUCIANO CALDERON Longsleeve - Bohemians","og_description":"A uniform by the co-conspirators for the co-conspirators. The Long Sleeve Shirt series continues - Featuring Friends. Edition of 68, certificated. Shirts run slightly larger than standard sizes for a relaxed, comfortable fit. 100% Organic Cotton GOTS certified - 240.0 GSM","og_url":"https:\/\/bohemians.store\/en\/product\/feat-luciano-calderon-longsleeve\/","og_site_name":"Bohemians","article_publisher":"https:\/\/www.facebook.com\/profile.php?id=61584541913990","article_modified_time":"2026-02-26T09:11:52+00:00","og_image":[{"width":2880,"height":2880,"url":"https:\/\/bohemians.store\/wp-content\/uploads\/2025\/11\/Longsleeve_white_feat_Luciano_Calderon-60.jpg","type":"image\/jpeg"}],"twitter_card":"summary_large_image","twitter_misc":{"Est. reading time":"1 minute"},"schema":{"@context":"https:\/\/schema.org","@graph":[{"@type":"WebPage","@id":"https:\/\/bohemians.store\/produkt\/feat-luciano-calderon-longsleeve\/","url":"https:\/\/bohemians.store\/produkt\/feat-luciano-calderon-longsleeve\/","name":"FEAT. LUCIANO CALDERON Longsleeve - Bohemians","isPartOf":{"@id":"https:\/\/bohemians.store\/en\/#website"},"primaryImageOfPage":{"@id":"https:\/\/bohemians.store\/produkt\/feat-luciano-calderon-longsleeve\/#primaryimage"},"image":{"@id":"https:\/\/bohemians.store\/produkt\/feat-luciano-calderon-longsleeve\/#primaryimage"},"thumbnailUrl":"https:\/\/bohemians.store\/wp-content\/uploads\/2025\/11\/Longsleeve_white_feat_Luciano_Calderon-60.jpg","datePublished":"2025-11-22T12:23:34+00:00","dateModified":"2026-02-26T09:11:52+00:00","breadcrumb":{"@id":"https:\/\/bohemians.store\/produkt\/feat-luciano-calderon-longsleeve\/#breadcrumb"},"inLanguage":"en-US","potentialAction":[{"@type":"ReadAction","target":["https:\/\/bohemians.store\/produkt\/feat-luciano-calderon-longsleeve\/"]}]},{"@type":"ImageObject","inLanguage":"en-US","@id":"https:\/\/bohemians.store\/produkt\/feat-luciano-calderon-longsleeve\/#primaryimage","url":"https:\/\/bohemians.store\/wp-content\/uploads\/2025\/11\/Longsleeve_white_feat_Luciano_Calderon-60.jpg","contentUrl":"https:\/\/bohemians.store\/wp-content\/uploads\/2025\/11\/Longsleeve_white_feat_Luciano_Calderon-60.jpg","width":2880,"height":2880},{"@type":"BreadcrumbList","@id":"https:\/\/bohemians.store\/produkt\/feat-luciano-calderon-longsleeve\/#breadcrumb","itemListElement":[{"@type":"ListItem","position":1,"name":"Start","item":"https:\/\/bohemians.store\/"},{"@type":"ListItem","position":2,"name":"Store","item":"https:\/\/bohemians.store\/"},{"@type":"ListItem","position":3,"name":"FEAT. LUCIANO CALDERON Longsleeve"}]},{"@type":"WebSite","@id":"https:\/\/bohemians.store\/en\/#website","url":"https:\/\/bohemians.store\/en\/","name":"Bohemians","description":"Feat. Friends","publisher":{"@id":"https:\/\/bohemians.store\/en\/#organization"},"potentialAction":[{"@type":"SearchAction","target":{"@type":"EntryPoint","urlTemplate":"https:\/\/bohemians.store\/en\/?s={search_term_string}"},"query-input":{"@type":"PropertyValueSpecification","valueRequired":true,"valueName":"search_term_string"}}],"inLanguage":"en-US"},{"@type":"Organization","@id":"https:\/\/bohemians.store\/en\/#organization","name":"Bohemians","url":"https:\/\/bohemians.store\/en\/","logo":{"@type":"ImageObject","inLanguage":"en-US","@id":"https:\/\/bohemians.store\/en\/#\/schema\/logo\/image\/","url":"https:\/\/bohemians.store\/wp-content\/uploads\/2025\/12\/BOHEMIANS_Logo_BlackOnWhite_512x512.png","contentUrl":"https:\/\/bohemians.store\/wp-content\/uploads\/2025\/12\/BOHEMIANS_Logo_BlackOnWhite_512x512.png","width":512,"height":512,"caption":"Bohemians"},"image":{"@id":"https:\/\/bohemians.store\/en\/#\/schema\/logo\/image\/"},"sameAs":["https:\/\/www.facebook.com\/profile.php?id=61584541913990","https:\/\/www.instagram.com\/bohemians.ff\/"]}]}},"_links":{"self":[{"href":"https:\/\/bohemians.store\/en\/wp-json\/wp\/v2\/product\/424","targetHints":{"allow":["GET"]}}],"collection":[{"href":"https:\/\/bohemians.store\/en\/wp-json\/wp\/v2\/product"}],"about":[{"href":"https:\/\/bohemians.store\/en\/wp-json\/wp\/v2\/types\/product"}],"wp:featuredmedia":[{"embeddable":true,"href":"https:\/\/bohemians.store\/en\/wp-json\/wp\/v2\/media\/935"}],"wp:attachment":[{"href":"https:\/\/bohemians.store\/en\/wp-json\/wp\/v2\/media?parent=424"}],"wp:term":[{"taxonomy":"product_brand","embeddable":true,"href":"https:\/\/bohemians.store\/en\/wp-json\/wp\/v2\/product_brand?post=424"},{"taxonomy":"product_cat","embeddable":true,"href":"https:\/\/bohemians.store\/en\/wp-json\/wp\/v2\/product_cat?post=424"},{"taxonomy":"product_tag","embeddable":true,"href":"https:\/\/bohemians.store\/en\/wp-json\/wp\/v2\/product_tag?post=424"}],"curies":[{"name":"wp","href":"https:\/\/api.w.org\/{rel}","templated":true}]}}