{"id":15,"date":"2025-11-15T18:53:09","date_gmt":"2025-11-15T17:53:09","guid":{"rendered":"https:\/\/bohemians.store\/impressum\/"},"modified":"2026-02-05T11:43:22","modified_gmt":"2026-02-05T10:43:22","slug":"impressum","status":"publish","type":"page","link":"https:\/\/bohemians.store\/en\/impressum\/","title":{"rendered":"Imprint"},"content":{"rendered":"<p>[et_pb_section fb_built=&#8220;1&#8243; admin_label=&#8220;section&#8220; _builder_version=&#8220;4.16&#8243; global_colors_info=&#8220;{}&#8220;][et_pb_row admin_label=&#8220;row&#8220; _builder_version=&#8220;4.16&#8243; background_size=&#8220;initial&#8220; background_position=&#8220;top_left&#8220; background_repeat=&#8220;repeat&#8220; global_colors_info=&#8220;{}&#8220;][et_pb_column type=&#8220;4_4&#8243; _builder_version=&#8220;4.16&#8243; custom_padding=&#8220;|||&#8220; global_colors_info=&#8220;{}&#8220; custom_padding__hover=&#8220;|||&#8220;][et_pb_text _builder_version=&#8220;4.27.4&#8243; _module_preset=&#8220;default&#8220; header_2_text_align=&#8220;center&#8220; global_colors_info=&#8220;{}&#8220;]<\/p>\n<h2 style=\"text-align: center;\">Impressum<\/h2>\n<p>[\/et_pb_text][et_pb_text _builder_version=&#8220;4.27.5&#8243; _module_preset=&#8220;default&#8220; hover_enabled=&#8220;0&#8243; sticky_enabled=&#8220;0&#8243;]<\/p>\n<p style=\"text-align: center;\">goodlabels GmbH<br \/>diese vertr. d. d. Gesch\u00e4ftsf\u00fchrer Michael Dietz, S\u00f6ren Maihack<br \/>Vogelsanger Str. 193<br \/>50825 Koeln<br \/>Deutschland<\/p>\n<p style=\"text-align: center;\">Telefon: 022199985000<br \/>E-Mail: <strong>support@bohemians.store<\/strong><\/p>\n<p style=\"text-align: center;\">USt-IdNr.: DE815306183<br \/>eingetragen im Handelsregister des Amtsgerichtes K\u00f6ln<br \/>Handelsregisternummer HRB 72539<\/p>\n<p style=\"text-align: center;\">zust\u00e4ndige Aufsichtsbeh\u00f6rde f\u00fcr audiovisuelle Mediendienste:<br \/>Landesanstalt f\u00fcr Medien NRW<br \/>Zollhof 2<br \/>40221 D\u00fcsseldorf<br \/>Internet: https:\/\/www.medienanstalt-nrw.de\/<\/p>\n<p style=\"text-align: center;\">Wir sind nicht bereit und nicht verpflichtet, an Streitbeilegungsverfahren vor Verbraucherschlichtungsstellen teilzunehmen.<\/p>\n<p style=\"text-align: center;\">Wir sind seit 01.06.2018 Mitglied der Initiative &#8222;FairCommerce&#8220;<br \/>N\u00e4here Informationen hierzu finden Sie unter www.haendlerbund.de\/faircommerce<\/p>\n<p>[\/et_pb_text][et_pb_text admin_label=&#8220;Text&#8220; _builder_version=&#8220;4.27.4&#8243; background_size=&#8220;initial&#8220; background_position=&#8220;top_left&#8220; background_repeat=&#8220;repeat&#8220; custom_margin=&#8220;25px||||false|false&#8220; global_colors_info=&#8220;{}&#8220;][\/et_pb_text][\/et_pb_column][\/et_pb_row][\/et_pb_section]<\/p>\n","protected":false},"excerpt":{"rendered":"<p>Impressumgoodlabels GmbHdiese vertr. d. d. Gesch\u00e4ftsf\u00fchrer Michael Dietz, S\u00f6ren MaihackVogelsanger Str. 19350825 KoelnDeutschland Telefon: 022199985000E-Mail: support@bohemians.store USt-IdNr.: DE815306183eingetragen im Handelsregister des Amtsgerichtes K\u00f6lnHandelsregisternummer HRB 72539 zust\u00e4ndige Aufsichtsbeh\u00f6rde f\u00fcr audiovisuelle Mediendienste:Landesanstalt f\u00fcr Medien NRWZollhof 240221 D\u00fcsseldorfInternet: https:\/\/www.medienanstalt-nrw.de\/ Wir sind nicht bereit und nicht verpflichtet, an Streitbeilegungsverfahren vor Verbraucherschlichtungsstellen teilzunehmen. Wir sind seit 01.06.2018 Mitglied der Initiative [&hellip;]<\/p>\n","protected":false},"author":1,"featured_media":0,"parent":0,"menu_order":0,"comment_status":"closed","ping_status":"closed","template":"","meta":{"_et_pb_use_builder":"on","_et_pb_old_content":"\n[gzd_complaints]","_et_gb_content_width":"","footnotes":""},"class_list":["post-15","page","type-page","status-publish","hentry"],"yoast_head":"<!-- This site is optimized with the Yoast SEO plugin v27.3 - https:\/\/yoast.com\/product\/yoast-seo-wordpress\/ -->\n<title>Impressum - Bohemians<\/title>\n<meta name=\"robots\" content=\"index, follow, max-snippet:-1, max-image-preview:large, max-video-preview:-1\" \/>\n<link rel=\"canonical\" href=\"https:\/\/bohemians.store\/en\/impressum\/\" \/>\n<meta property=\"og:locale\" content=\"en_US\" \/>\n<meta property=\"og:type\" content=\"article\" \/>\n<meta property=\"og:title\" content=\"Impressum - Bohemians\" \/>\n<meta property=\"og:description\" content=\"Impressumgoodlabels GmbHdiese vertr. d. d. Gesch\u00e4ftsf\u00fchrer Michael Dietz, S\u00f6ren MaihackVogelsanger Str. 19350825 KoelnDeutschland Telefon: 022199985000E-Mail: support@bohemians.store USt-IdNr.: DE815306183eingetragen im Handelsregister des Amtsgerichtes K\u00f6lnHandelsregisternummer HRB 72539 zust\u00e4ndige Aufsichtsbeh\u00f6rde f\u00fcr audiovisuelle Mediendienste:Landesanstalt f\u00fcr Medien NRWZollhof 240221 D\u00fcsseldorfInternet: https:\/\/www.medienanstalt-nrw.de\/ Wir sind nicht bereit und nicht verpflichtet, an Streitbeilegungsverfahren vor Verbraucherschlichtungsstellen teilzunehmen. Wir sind seit 01.06.2018 Mitglied der Initiative [&hellip;]\" \/>\n<meta property=\"og:url\" content=\"https:\/\/bohemians.store\/en\/impressum\/\" \/>\n<meta property=\"og:site_name\" content=\"Bohemians\" \/>\n<meta property=\"article:publisher\" content=\"https:\/\/www.facebook.com\/profile.php?id=61584541913990\" \/>\n<meta property=\"article:modified_time\" content=\"2026-02-05T10:43:22+00:00\" \/>\n<meta name=\"twitter:card\" content=\"summary_large_image\" \/>\n<meta name=\"twitter:label1\" content=\"Est. reading time\" \/>\n\t<meta name=\"twitter:data1\" content=\"1 minute\" \/>\n<script type=\"application\/ld+json\" class=\"yoast-schema-graph\">{\"@context\":\"https:\\\/\\\/schema.org\",\"@graph\":[{\"@type\":\"WebPage\",\"@id\":\"https:\\\/\\\/bohemians.store\\\/impressum\\\/\",\"url\":\"https:\\\/\\\/bohemians.store\\\/impressum\\\/\",\"name\":\"Impressum - Bohemians\",\"isPartOf\":{\"@id\":\"https:\\\/\\\/bohemians.store\\\/en\\\/#website\"},\"datePublished\":\"2025-11-15T17:53:09+00:00\",\"dateModified\":\"2026-02-05T10:43:22+00:00\",\"breadcrumb\":{\"@id\":\"https:\\\/\\\/bohemians.store\\\/impressum\\\/#breadcrumb\"},\"inLanguage\":\"en-US\",\"potentialAction\":[{\"@type\":\"ReadAction\",\"target\":[\"https:\\\/\\\/bohemians.store\\\/impressum\\\/\"]}]},{\"@type\":\"BreadcrumbList\",\"@id\":\"https:\\\/\\\/bohemians.store\\\/impressum\\\/#breadcrumb\",\"itemListElement\":[{\"@type\":\"ListItem\",\"position\":1,\"name\":\"Start\",\"item\":\"https:\\\/\\\/bohemians.store\\\/\"},{\"@type\":\"ListItem\",\"position\":2,\"name\":\"Impressum\"}]},{\"@type\":\"WebSite\",\"@id\":\"https:\\\/\\\/bohemians.store\\\/en\\\/#website\",\"url\":\"https:\\\/\\\/bohemians.store\\\/en\\\/\",\"name\":\"Bohemians\",\"description\":\"Feat. Friends\",\"publisher\":{\"@id\":\"https:\\\/\\\/bohemians.store\\\/en\\\/#organization\"},\"potentialAction\":[{\"@type\":\"SearchAction\",\"target\":{\"@type\":\"EntryPoint\",\"urlTemplate\":\"https:\\\/\\\/bohemians.store\\\/en\\\/?s={search_term_string}\"},\"query-input\":{\"@type\":\"PropertyValueSpecification\",\"valueRequired\":true,\"valueName\":\"search_term_string\"}}],\"inLanguage\":\"en-US\"},{\"@type\":\"Organization\",\"@id\":\"https:\\\/\\\/bohemians.store\\\/en\\\/#organization\",\"name\":\"Bohemians\",\"url\":\"https:\\\/\\\/bohemians.store\\\/en\\\/\",\"logo\":{\"@type\":\"ImageObject\",\"inLanguage\":\"en-US\",\"@id\":\"https:\\\/\\\/bohemians.store\\\/en\\\/#\\\/schema\\\/logo\\\/image\\\/\",\"url\":\"https:\\\/\\\/bohemians.store\\\/wp-content\\\/uploads\\\/2025\\\/12\\\/BOHEMIANS_Logo_BlackOnWhite_512x512.png\",\"contentUrl\":\"https:\\\/\\\/bohemians.store\\\/wp-content\\\/uploads\\\/2025\\\/12\\\/BOHEMIANS_Logo_BlackOnWhite_512x512.png\",\"width\":512,\"height\":512,\"caption\":\"Bohemians\"},\"image\":{\"@id\":\"https:\\\/\\\/bohemians.store\\\/en\\\/#\\\/schema\\\/logo\\\/image\\\/\"},\"sameAs\":[\"https:\\\/\\\/www.facebook.com\\\/profile.php?id=61584541913990\",\"https:\\\/\\\/www.instagram.com\\\/bohemians.ff\\\/\"]}]}<\/script>\n<!-- \/ Yoast SEO plugin. -->","yoast_head_json":{"title":"Impressum - Bohemians","robots":{"index":"index","follow":"follow","max-snippet":"max-snippet:-1","max-image-preview":"max-image-preview:large","max-video-preview":"max-video-preview:-1"},"canonical":"https:\/\/bohemians.store\/en\/impressum\/","og_locale":"en_US","og_type":"article","og_title":"Impressum - Bohemians","og_description":"Impressumgoodlabels GmbHdiese vertr. d. d. Gesch\u00e4ftsf\u00fchrer Michael Dietz, S\u00f6ren MaihackVogelsanger Str. 19350825 KoelnDeutschland Telefon: 022199985000E-Mail: support@bohemians.store USt-IdNr.: DE815306183eingetragen im Handelsregister des Amtsgerichtes K\u00f6lnHandelsregisternummer HRB 72539 zust\u00e4ndige Aufsichtsbeh\u00f6rde f\u00fcr audiovisuelle Mediendienste:Landesanstalt f\u00fcr Medien NRWZollhof 240221 D\u00fcsseldorfInternet: https:\/\/www.medienanstalt-nrw.de\/ Wir sind nicht bereit und nicht verpflichtet, an Streitbeilegungsverfahren vor Verbraucherschlichtungsstellen teilzunehmen. Wir sind seit 01.06.2018 Mitglied der Initiative [&hellip;]","og_url":"https:\/\/bohemians.store\/en\/impressum\/","og_site_name":"Bohemians","article_publisher":"https:\/\/www.facebook.com\/profile.php?id=61584541913990","article_modified_time":"2026-02-05T10:43:22+00:00","twitter_card":"summary_large_image","twitter_misc":{"Est. reading time":"1 minute"},"schema":{"@context":"https:\/\/schema.org","@graph":[{"@type":"WebPage","@id":"https:\/\/bohemians.store\/impressum\/","url":"https:\/\/bohemians.store\/impressum\/","name":"Impressum - Bohemians","isPartOf":{"@id":"https:\/\/bohemians.store\/en\/#website"},"datePublished":"2025-11-15T17:53:09+00:00","dateModified":"2026-02-05T10:43:22+00:00","breadcrumb":{"@id":"https:\/\/bohemians.store\/impressum\/#breadcrumb"},"inLanguage":"en-US","potentialAction":[{"@type":"ReadAction","target":["https:\/\/bohemians.store\/impressum\/"]}]},{"@type":"BreadcrumbList","@id":"https:\/\/bohemians.store\/impressum\/#breadcrumb","itemListElement":[{"@type":"ListItem","position":1,"name":"Start","item":"https:\/\/bohemians.store\/"},{"@type":"ListItem","position":2,"name":"Impressum"}]},{"@type":"WebSite","@id":"https:\/\/bohemians.store\/en\/#website","url":"https:\/\/bohemians.store\/en\/","name":"Bohemians","description":"Feat. Friends","publisher":{"@id":"https:\/\/bohemians.store\/en\/#organization"},"potentialAction":[{"@type":"SearchAction","target":{"@type":"EntryPoint","urlTemplate":"https:\/\/bohemians.store\/en\/?s={search_term_string}"},"query-input":{"@type":"PropertyValueSpecification","valueRequired":true,"valueName":"search_term_string"}}],"inLanguage":"en-US"},{"@type":"Organization","@id":"https:\/\/bohemians.store\/en\/#organization","name":"Bohemians","url":"https:\/\/bohemians.store\/en\/","logo":{"@type":"ImageObject","inLanguage":"en-US","@id":"https:\/\/bohemians.store\/en\/#\/schema\/logo\/image\/","url":"https:\/\/bohemians.store\/wp-content\/uploads\/2025\/12\/BOHEMIANS_Logo_BlackOnWhite_512x512.png","contentUrl":"https:\/\/bohemians.store\/wp-content\/uploads\/2025\/12\/BOHEMIANS_Logo_BlackOnWhite_512x512.png","width":512,"height":512,"caption":"Bohemians"},"image":{"@id":"https:\/\/bohemians.store\/en\/#\/schema\/logo\/image\/"},"sameAs":["https:\/\/www.facebook.com\/profile.php?id=61584541913990","https:\/\/www.instagram.com\/bohemians.ff\/"]}]}},"_links":{"self":[{"href":"https:\/\/bohemians.store\/en\/wp-json\/wp\/v2\/pages\/15","targetHints":{"allow":["GET"]}}],"collection":[{"href":"https:\/\/bohemians.store\/en\/wp-json\/wp\/v2\/pages"}],"about":[{"href":"https:\/\/bohemians.store\/en\/wp-json\/wp\/v2\/types\/page"}],"author":[{"embeddable":true,"href":"https:\/\/bohemians.store\/en\/wp-json\/wp\/v2\/users\/1"}],"replies":[{"embeddable":true,"href":"https:\/\/bohemians.store\/en\/wp-json\/wp\/v2\/comments?post=15"}],"version-history":[{"count":4,"href":"https:\/\/bohemians.store\/en\/wp-json\/wp\/v2\/pages\/15\/revisions"}],"predecessor-version":[{"id":1458,"href":"https:\/\/bohemians.store\/en\/wp-json\/wp\/v2\/pages\/15\/revisions\/1458"}],"wp:attachment":[{"href":"https:\/\/bohemians.store\/en\/wp-json\/wp\/v2\/media?parent=15"}],"curies":[{"name":"wp","href":"https:\/\/api.w.org\/{rel}","templated":true}]}}