{"id":1459,"date":"2026-02-05T11:51:44","date_gmt":"2026-02-05T10:51:44","guid":{"rendered":"https:\/\/bohemians.store\/?page_id=1459"},"modified":"2026-02-05T11:51:44","modified_gmt":"2026-02-05T10:51:44","slug":"versand-und-retouren","status":"publish","type":"page","link":"https:\/\/bohemians.store\/en\/versand-und-retouren\/","title":{"rendered":"Versand und Retouren"},"content":{"rendered":"<p>[et_pb_section fb_built=&#8220;1&#8243; theme_builder_area=&#8220;post_content&#8220; _builder_version=&#8220;4.27.5&#8243; _module_preset=&#8220;default&#8220;][et_pb_row _builder_version=&#8220;4.27.5&#8243; _module_preset=&#8220;default&#8220; theme_builder_area=&#8220;post_content&#8220;][et_pb_column _builder_version=&#8220;4.27.5&#8243; _module_preset=&#8220;default&#8220; type=&#8220;4_4&#8243; theme_builder_area=&#8220;post_content&#8220;][et_pb_text _builder_version=&#8220;4.27.5&#8243; _module_preset=&#8220;default&#8220; theme_builder_area=&#8220;post_content&#8220; hover_enabled=&#8220;0&#8243; sticky_enabled=&#8220;0&#8243;]<\/p>\n<h1>Versand und Retouren<\/h1>\n<p>[\/et_pb_text][et_pb_divider _builder_version=&#8220;4.27.5&#8243; _module_preset=&#8220;default&#8220; theme_builder_area=&#8220;post_content&#8220; hover_enabled=&#8220;0&#8243; sticky_enabled=&#8220;0&#8243;][\/et_pb_divider][et_pb_text _builder_version=&#8220;4.27.5&#8243; _module_preset=&#8220;default&#8220; theme_builder_area=&#8220;post_content&#8220; hover_enabled=&#8220;0&#8243; sticky_enabled=&#8220;0&#8243;]<\/p>\n<p>Es gelten folgende Bedingungen:<\/p>\n<p>Die Lieferung der Ware erfolgt weltweit.<\/p>\n<p>Versandkosten (inklusive gesetzliche Mehrwertsteuer)<\/p>\n<p>&nbsp;<\/p>\n<p><strong>Lieferungen im Inland (Deutschland)<\/strong>:<\/p>\n<p>Versandkosten Inland: Die Versandkosten bemessen sich am Wert, an der Gr\u00f6\u00dfe und dem Gewicht des bzw. der Artikel und werden im<br \/>Warenkorb automatisch berechnet und angezeigt. F\u00fcr bestimmte Zielregionen (Inseln etc) fallen Versandzuschl\u00e4ge an.<\/p>\n<p><strong>Lieferungen ins Ausland<\/strong>:<\/p>\n<p>Versandkosten Ausland: Die Versandkosten bemessen sich am Wert, an der Gr\u00f6\u00dfe und dem Gewicht des bzw. der Artikel und werden im<br \/>Warenkorb automatisch berechnet und angezeigt. F\u00fcr Versand in Drittl\u00e4nder (au\u00dferhalb der Europ\u00e4ischen Union) entstehen evtl. weitere<br \/>Kosten durch Zoll, Versanddienstleister oder Logistikpartner.<br \/>F\u00fcr bestimmte Zielregionen (Inseln etc) fallen Versandzuschl\u00e4ge an.<\/p>\n<p><strong>Lieferfristen<\/strong><\/p>\n<p>Soweit im jeweiligen Angebot keine andere Frist angegeben ist, erfolgt die Lieferung der Ware im Inland im Regelfall (Deutschland) innerhalb von 3 &#8211; 5<br \/>Tagen, bei Auslandslieferungen innerhalb von 5 &#8211; 18 Tagen nach Vertragsschluss (bei vereinbarter Vorauszahlung nach dem Zeitpunkt Ihrer<br \/>Zahlungsanweisung). Verz\u00f6gerungen durch Beh\u00f6rden, Zoll oder andere Institutionen sind separat zu betrachten und nicht Teil der der Regel-Lieferzeit.<br \/>Beachten Sie, dass an Sonn- und Feiertagen keine Zustellung erfolgt.<\/p>\n<p>Haben Sie Artikel mit unterschiedlichen Lieferzeiten bestellt, wird die Ware in einer gemeinsamen Sendung versandt, sofern wir keine<br \/>abweichenden Vereinbarungen mit Ihnen getroffen haben. Die Lieferzeit bestimmt sich in diesem Fall nach dem Artikel mit der l\u00e4ngsten<br \/>Lieferzeit den Sie bestellt haben.<\/p>\n<p><strong>Retouren<\/strong><\/p>\n<p>Du kannst uns die bestellte Ware nat\u00fcrlich innerhalb der gesetzlichen Fristen zur\u00fccksenden.<br \/>Daf\u00fcr muss die Ware lediglich ungetragen und original verpackt sein. Hierzu z\u00e4hlt auch Badebekleidung, sofern Hangtags und Hygieneschutz noch am Artikel angebracht sind. Mehr Informationen kannst du unserer Widerrufsbelehrung entnehmen.<br \/>Aktuell k\u00f6nnen wir keine kostenlosen Retouren anbieten.<br \/>Nicht identifizierbare R\u00fccksendungen sind m\u00f6glicherweise nicht erstattungsf\u00e4hig, au\u00dferdem k\u00f6nnen wir nicht erhaltene R\u00fccksendungen nicht erstatten (daher empfehlen wir eine versicherte R\u00fccksendung).<br \/>Bei einer Reklamation \u00fcbernehmen wir die R\u00fccksendungskosten. Kontaktiere uns dazu bitte vorab per E-Mail!<br \/>Wir akzeptieren keinen Umtausch von gekauften Gutscheinen.<br \/>Eine get\u00e4tigte Spende an ein entsprechendes Projekt k\u00f6nnen wir nachtr\u00e4glich nicht erstatten.<\/p>\n<p>Richte deine kostenpflichtige R\u00fccksendung bitte an:<br \/>Bohemians &#8211; goodlabels GmbH<br \/>Vogelsanger Str. 193 A<br \/>50825 K\u00f6ln<br \/>Deutschland<\/p>\n<p>[\/et_pb_text][\/et_pb_column][\/et_pb_row][\/et_pb_section]<\/p>\n","protected":false},"excerpt":{"rendered":"<p>Versand und RetourenEs gelten folgende Bedingungen: Die Lieferung der Ware erfolgt weltweit. Versandkosten (inklusive gesetzliche Mehrwertsteuer) &nbsp; Lieferungen im Inland (Deutschland): Versandkosten Inland: Die Versandkosten bemessen sich am Wert, an der Gr\u00f6\u00dfe und dem Gewicht des bzw. der Artikel und werden imWarenkorb automatisch berechnet und angezeigt. F\u00fcr bestimmte Zielregionen (Inseln etc) fallen Versandzuschl\u00e4ge an. Lieferungen [&hellip;]<\/p>\n","protected":false},"author":1,"featured_media":0,"parent":0,"menu_order":0,"comment_status":"closed","ping_status":"closed","template":"","meta":{"_et_pb_use_builder":"on","_et_pb_old_content":"","_et_gb_content_width":"","footnotes":""},"class_list":["post-1459","page","type-page","status-publish","hentry"],"yoast_head":"<!-- This site is optimized with the Yoast SEO plugin v27.3 - https:\/\/yoast.com\/product\/yoast-seo-wordpress\/ -->\n<title>Versand und Retouren - Bohemians<\/title>\n<meta name=\"robots\" content=\"index, follow, max-snippet:-1, max-image-preview:large, max-video-preview:-1\" \/>\n<link rel=\"canonical\" href=\"https:\/\/bohemians.store\/en\/versand-und-retouren\/\" \/>\n<meta property=\"og:locale\" content=\"en_US\" \/>\n<meta property=\"og:type\" content=\"article\" \/>\n<meta property=\"og:title\" content=\"Versand und Retouren - Bohemians\" \/>\n<meta property=\"og:description\" content=\"Versand und RetourenEs gelten folgende Bedingungen: Die Lieferung der Ware erfolgt weltweit. Versandkosten (inklusive gesetzliche Mehrwertsteuer) &nbsp; Lieferungen im Inland (Deutschland): Versandkosten Inland: Die Versandkosten bemessen sich am Wert, an der Gr\u00f6\u00dfe und dem Gewicht des bzw. der Artikel und werden imWarenkorb automatisch berechnet und angezeigt. F\u00fcr bestimmte Zielregionen (Inseln etc) fallen Versandzuschl\u00e4ge an. Lieferungen [&hellip;]\" \/>\n<meta property=\"og:url\" content=\"https:\/\/bohemians.store\/en\/versand-und-retouren\/\" \/>\n<meta property=\"og:site_name\" content=\"Bohemians\" \/>\n<meta property=\"article:publisher\" content=\"https:\/\/www.facebook.com\/profile.php?id=61584541913990\" \/>\n<meta name=\"twitter:card\" content=\"summary_large_image\" \/>\n<script type=\"application\/ld+json\" class=\"yoast-schema-graph\">{\"@context\":\"https:\\\/\\\/schema.org\",\"@graph\":[{\"@type\":\"WebPage\",\"@id\":\"https:\\\/\\\/bohemians.store\\\/versand-und-retouren\\\/\",\"url\":\"https:\\\/\\\/bohemians.store\\\/versand-und-retouren\\\/\",\"name\":\"Versand und Retouren - Bohemians\",\"isPartOf\":{\"@id\":\"https:\\\/\\\/bohemians.store\\\/en\\\/#website\"},\"datePublished\":\"2026-02-05T10:51:44+00:00\",\"breadcrumb\":{\"@id\":\"https:\\\/\\\/bohemians.store\\\/versand-und-retouren\\\/#breadcrumb\"},\"inLanguage\":\"en-US\",\"potentialAction\":[{\"@type\":\"ReadAction\",\"target\":[\"https:\\\/\\\/bohemians.store\\\/versand-und-retouren\\\/\"]}]},{\"@type\":\"BreadcrumbList\",\"@id\":\"https:\\\/\\\/bohemians.store\\\/versand-und-retouren\\\/#breadcrumb\",\"itemListElement\":[{\"@type\":\"ListItem\",\"position\":1,\"name\":\"Start\",\"item\":\"https:\\\/\\\/bohemians.store\\\/\"},{\"@type\":\"ListItem\",\"position\":2,\"name\":\"Versand und Retouren\"}]},{\"@type\":\"WebSite\",\"@id\":\"https:\\\/\\\/bohemians.store\\\/en\\\/#website\",\"url\":\"https:\\\/\\\/bohemians.store\\\/en\\\/\",\"name\":\"Bohemians\",\"description\":\"Feat. Friends\",\"publisher\":{\"@id\":\"https:\\\/\\\/bohemians.store\\\/en\\\/#organization\"},\"potentialAction\":[{\"@type\":\"SearchAction\",\"target\":{\"@type\":\"EntryPoint\",\"urlTemplate\":\"https:\\\/\\\/bohemians.store\\\/en\\\/?s={search_term_string}\"},\"query-input\":{\"@type\":\"PropertyValueSpecification\",\"valueRequired\":true,\"valueName\":\"search_term_string\"}}],\"inLanguage\":\"en-US\"},{\"@type\":\"Organization\",\"@id\":\"https:\\\/\\\/bohemians.store\\\/en\\\/#organization\",\"name\":\"Bohemians\",\"url\":\"https:\\\/\\\/bohemians.store\\\/en\\\/\",\"logo\":{\"@type\":\"ImageObject\",\"inLanguage\":\"en-US\",\"@id\":\"https:\\\/\\\/bohemians.store\\\/en\\\/#\\\/schema\\\/logo\\\/image\\\/\",\"url\":\"https:\\\/\\\/bohemians.store\\\/wp-content\\\/uploads\\\/2025\\\/12\\\/BOHEMIANS_Logo_BlackOnWhite_512x512.png\",\"contentUrl\":\"https:\\\/\\\/bohemians.store\\\/wp-content\\\/uploads\\\/2025\\\/12\\\/BOHEMIANS_Logo_BlackOnWhite_512x512.png\",\"width\":512,\"height\":512,\"caption\":\"Bohemians\"},\"image\":{\"@id\":\"https:\\\/\\\/bohemians.store\\\/en\\\/#\\\/schema\\\/logo\\\/image\\\/\"},\"sameAs\":[\"https:\\\/\\\/www.facebook.com\\\/profile.php?id=61584541913990\",\"https:\\\/\\\/www.instagram.com\\\/bohemians.ff\\\/\"]}]}<\/script>\n<!-- \/ Yoast SEO plugin. -->","yoast_head_json":{"title":"Versand und Retouren - Bohemians","robots":{"index":"index","follow":"follow","max-snippet":"max-snippet:-1","max-image-preview":"max-image-preview:large","max-video-preview":"max-video-preview:-1"},"canonical":"https:\/\/bohemians.store\/en\/versand-und-retouren\/","og_locale":"en_US","og_type":"article","og_title":"Versand und Retouren - Bohemians","og_description":"Versand und RetourenEs gelten folgende Bedingungen: Die Lieferung der Ware erfolgt weltweit. Versandkosten (inklusive gesetzliche Mehrwertsteuer) &nbsp; Lieferungen im Inland (Deutschland): Versandkosten Inland: Die Versandkosten bemessen sich am Wert, an der Gr\u00f6\u00dfe und dem Gewicht des bzw. der Artikel und werden imWarenkorb automatisch berechnet und angezeigt. F\u00fcr bestimmte Zielregionen (Inseln etc) fallen Versandzuschl\u00e4ge an. Lieferungen [&hellip;]","og_url":"https:\/\/bohemians.store\/en\/versand-und-retouren\/","og_site_name":"Bohemians","article_publisher":"https:\/\/www.facebook.com\/profile.php?id=61584541913990","twitter_card":"summary_large_image","schema":{"@context":"https:\/\/schema.org","@graph":[{"@type":"WebPage","@id":"https:\/\/bohemians.store\/versand-und-retouren\/","url":"https:\/\/bohemians.store\/versand-und-retouren\/","name":"Versand und Retouren - Bohemians","isPartOf":{"@id":"https:\/\/bohemians.store\/en\/#website"},"datePublished":"2026-02-05T10:51:44+00:00","breadcrumb":{"@id":"https:\/\/bohemians.store\/versand-und-retouren\/#breadcrumb"},"inLanguage":"en-US","potentialAction":[{"@type":"ReadAction","target":["https:\/\/bohemians.store\/versand-und-retouren\/"]}]},{"@type":"BreadcrumbList","@id":"https:\/\/bohemians.store\/versand-und-retouren\/#breadcrumb","itemListElement":[{"@type":"ListItem","position":1,"name":"Start","item":"https:\/\/bohemians.store\/"},{"@type":"ListItem","position":2,"name":"Versand und Retouren"}]},{"@type":"WebSite","@id":"https:\/\/bohemians.store\/en\/#website","url":"https:\/\/bohemians.store\/en\/","name":"Bohemians","description":"Feat. Friends","publisher":{"@id":"https:\/\/bohemians.store\/en\/#organization"},"potentialAction":[{"@type":"SearchAction","target":{"@type":"EntryPoint","urlTemplate":"https:\/\/bohemians.store\/en\/?s={search_term_string}"},"query-input":{"@type":"PropertyValueSpecification","valueRequired":true,"valueName":"search_term_string"}}],"inLanguage":"en-US"},{"@type":"Organization","@id":"https:\/\/bohemians.store\/en\/#organization","name":"Bohemians","url":"https:\/\/bohemians.store\/en\/","logo":{"@type":"ImageObject","inLanguage":"en-US","@id":"https:\/\/bohemians.store\/en\/#\/schema\/logo\/image\/","url":"https:\/\/bohemians.store\/wp-content\/uploads\/2025\/12\/BOHEMIANS_Logo_BlackOnWhite_512x512.png","contentUrl":"https:\/\/bohemians.store\/wp-content\/uploads\/2025\/12\/BOHEMIANS_Logo_BlackOnWhite_512x512.png","width":512,"height":512,"caption":"Bohemians"},"image":{"@id":"https:\/\/bohemians.store\/en\/#\/schema\/logo\/image\/"},"sameAs":["https:\/\/www.facebook.com\/profile.php?id=61584541913990","https:\/\/www.instagram.com\/bohemians.ff\/"]}]}},"_links":{"self":[{"href":"https:\/\/bohemians.store\/en\/wp-json\/wp\/v2\/pages\/1459","targetHints":{"allow":["GET"]}}],"collection":[{"href":"https:\/\/bohemians.store\/en\/wp-json\/wp\/v2\/pages"}],"about":[{"href":"https:\/\/bohemians.store\/en\/wp-json\/wp\/v2\/types\/page"}],"author":[{"embeddable":true,"href":"https:\/\/bohemians.store\/en\/wp-json\/wp\/v2\/users\/1"}],"replies":[{"embeddable":true,"href":"https:\/\/bohemians.store\/en\/wp-json\/wp\/v2\/comments?post=1459"}],"version-history":[{"count":3,"href":"https:\/\/bohemians.store\/en\/wp-json\/wp\/v2\/pages\/1459\/revisions"}],"predecessor-version":[{"id":1462,"href":"https:\/\/bohemians.store\/en\/wp-json\/wp\/v2\/pages\/1459\/revisions\/1462"}],"wp:attachment":[{"href":"https:\/\/bohemians.store\/en\/wp-json\/wp\/v2\/media?parent=1459"}],"curies":[{"name":"wp","href":"https:\/\/api.w.org\/{rel}","templated":true}]}}